{"id":12,"date":"2025-06-06T22:19:22","date_gmt":"2025-06-07T02:19:22","guid":{"rendered":"https:\/\/eleacalvayrac.com\/?page_id=12"},"modified":"2025-07-16T22:08:27","modified_gmt":"2025-07-17T02:08:27","slug":"accueil","status":"publish","type":"page","link":"https:\/\/eleacalvayrac.com\/","title":{"rendered":"Accueil"},"content":{"rendered":"\n<div class=\"wp-block-group accueilGroupe has-background\" style=\"background-color:#ecece3\"><div class=\"wp-block-group__inner-container is-layout-flow wp-block-group-is-layout-flow\">\n<div class=\"wp-block-group intro-block\"><div class=\"wp-block-group__inner-container is-layout-constrained wp-container-core-group-is-layout-53acd6ed wp-block-group-is-layout-constrained\">\n<div class=\"wp-block-group grParentSalutMoi\"><div class=\"wp-block-group__inner-container is-layout-constrained wp-block-group-is-layout-constrained\">\n<div class=\"wp-block-group grSalutMoi\"><div class=\"wp-block-group__inner-container is-layout-constrained wp-block-group-is-layout-constrained\">\n<p class=\"intro-lead has-text-color has-black-color has-link-color wp-elements-bf70a67395bc77f249f61f217441840f\">Salut, moi c&rsquo;est<\/p>\n\n\n\n<h1 class=\"wp-block-heading has-text-align-center has-black-color has-text-color has-xx-large-font-size\">Elea Calvayrac \ud83d\udc4b<\/h1>\n<\/div><\/div>\n<\/div><\/div>\n\n\n\n<p class=\"has-text-align-center has-black-color has-text-color\">Une passionn\u00e9 de<\/p>\n\n\n\n<div class=\"wp-block-buttons tag-row is-content-justification-space-between is-layout-flex wp-container-core-buttons-is-layout-2ffacbd5 wp-block-buttons-is-layout-flex\">\n<div class=\"wp-block-button tag\"><a class=\"wp-block-button__link has-white-color has-text-color has-background wp-element-button\" style=\"background:linear-gradient(89deg,rgb(225,199,0) 0%,rgb(237,178,16) 100%)\">Marketing<\/a><\/div>\n\n\n\n<div class=\"wp-block-button tag\"><a class=\"wp-block-button__link has-white-color has-text-color has-background wp-element-button\" style=\"background:linear-gradient(89deg,rgb(225,199,0) 0%,rgb(237,178,16) 100%)\">E-commerce<\/a><\/div>\n\n\n\n<div class=\"wp-block-button tag\"><a class=\"wp-block-button__link has-white-color has-text-color has-background wp-element-button\" style=\"background:linear-gradient(89deg,rgb(225,199,0) 0%,rgb(237,178,16) 100%)\">Strat\u00e9gie digitale<\/a><\/div>\n<\/div>\n<\/div><\/div>\n\n\n\n<div style=\"height:60px\" aria-hidden=\"true\" class=\"wp-block-spacer\"><\/div>\n\n\n\n<div class=\"wp-block-group alignwide bento-box-grid has-dark-gray-background-color has-background is-layout-grid wp-container-core-group-is-layout-180e7abc wp-block-group-is-layout-grid\" style=\"border-radius:36px;padding-top:40px;padding-right:40px;padding-bottom:40px;padding-left:40px\">\n<figure class=\"wp-block-image size-large bento-card photo\"><img loading=\"lazy\" decoding=\"async\" width=\"683\" height=\"1024\" src=\"https:\/\/eleacalvayrac.com\/wp-content\/uploads\/2025\/07\/compress-683x1024.jpg\" alt=\"\" class=\"wp-image-674\" srcset=\"https:\/\/eleacalvayrac.com\/wp-content\/uploads\/2025\/07\/compress-683x1024.jpg 683w, https:\/\/eleacalvayrac.com\/wp-content\/uploads\/2025\/07\/compress-200x300.jpg 200w, https:\/\/eleacalvayrac.com\/wp-content\/uploads\/2025\/07\/compress-768x1152.jpg 768w, https:\/\/eleacalvayrac.com\/wp-content\/uploads\/2025\/07\/compress.jpg 1000w\" sizes=\"auto, (max-width: 683px) 100vw, 683px\" \/><\/figure>\n\n\n\n<div class=\"wp-block-group bento-card description\" style=\"border-radius:20px;min-height:250px\"><div class=\"wp-block-group__inner-container is-layout-flow wp-block-group-is-layout-flow\">\n<p class=\"has-text-align-left\">3 mots pour me d\u00e9crire<\/p>\n\n\n\n<h1 class=\"wp-block-heading\">Multidisciplinaire \u00b7 Autonome \u00b7 Curieux<\/h1>\n<\/div><\/div>\n\n\n\n<div class=\"wp-block-group bento-card me\" style=\"border-radius:20px;min-height:120px\"><div class=\"wp-block-group__inner-container is-layout-flow wp-block-group-is-layout-flow\">\n<p class=\"has-text-align-left has-white-color has-text-color\"><strong><a href=\"https:\/\/eleacalvayrac.com\/index.php\/qui-suis-je\/\">Me conna\u00eetre<\/a><\/strong><\/p>\n<\/div><\/div>\n\n\n\n<div class=\"wp-block-group bento-card projets\" style=\"border-radius:20px;min-height:120px\"><div class=\"wp-block-group__inner-container is-layout-flow wp-block-group-is-layout-flow\">\n<p class=\"has-text-align-left has-white-color has-text-color\"><strong><a href=\"https:\/\/eleacalvayrac.com\/index.php\/mes-projets\/\">Tous mes projets<\/a><\/strong><\/p>\n<\/div><\/div>\n\n\n\n<div class=\"wp-block-group bento-card apps\" style=\"border-radius:20px;min-height:120px\"><div class=\"wp-block-group__inner-container is-layout-flow wp-block-group-is-layout-flow\">\n<p class=\"has-text-align-left has-white-color has-text-color\"><strong><a href=\"https:\/\/eleacalvayrac.com\/index.php\/competences\/\">Applications que je ma\u00eetrise<\/a><\/strong><\/p>\n<\/div><\/div>\n\n\n\n<div class=\"wp-block-group bento-card coupsdecoeur\" style=\"border-radius:20px;min-height:120px\"><div class=\"wp-block-group__inner-container is-layout-flow wp-block-group-is-layout-flow\">\n<p class=\"has-text-align-left has-white-color has-text-color\"><strong><a href=\"https:\/\/eleacalvayrac.com\/index.php\/coup-de-coeur\/\">Mes coups de coeurs de l&rsquo;industrie<\/a><\/strong><\/p>\n<\/div><\/div>\n<\/div>\n\n\n\n<div style=\"height:60px\" aria-hidden=\"true\" class=\"wp-block-spacer\"><\/div>\n\n\n\n<div class=\"wp-block-group contact-section\"><div class=\"wp-block-group__inner-container is-layout-constrained wp-container-core-group-is-layout-53acd6ed wp-block-group-is-layout-constrained\">\n<h2 class=\"wp-block-heading has-text-align-center has-x-large-font-size has-black-color has-text-color\">Envie de discuter ?<\/h2>\n\n\n\n<p class=\"has-text-align-center has-black-color has-text-color\">Envoyez-moi un message sur Linkedin ou \u00e9crivez-moi simplement par mail ! Je serais ravi de discuter avec vous. \ud83d\ude0a<\/p>\n\n\n\n<div class=\"wp-block-buttons contact-btn is-content-justification-center is-layout-flex wp-container-core-buttons-is-layout-16018d1d wp-block-buttons-is-layout-flex\">\n<div class=\"wp-block-button\"><a class=\"wp-block-button__link has-white-color has-red-background-color has-text-color has-background wp-element-button\" href=\"https:\/\/www.linkedin.com\/in\/elea-pujol-calvayrac-402860212\/\" style=\"border-radius:15px;padding-top:12px;padding-right:32px;padding-bottom:12px;padding-left:32px\">Me contacter<\/a><\/div>\n<\/div>\n<\/div><\/div>\n\n\n\n<div style=\"height:60px\" aria-hidden=\"true\" class=\"wp-block-spacer\"><\/div>\n<\/div><\/div>\n","protected":false},"excerpt":{"rendered":"<p>Salut, moi c&rsquo;est Elea Calvayrac \ud83d\udc4b Une passionn\u00e9 de 3 mots pour me d\u00e9crire Multidisciplinaire \u00b7 Autonome \u00b7 Curieux Me conna\u00eetre Tous mes projets Applications que je ma\u00eetrise Mes coups de coeurs de l&rsquo;industrie Envie de discuter ? Envoyez-moi un message sur Linkedin ou \u00e9crivez-moi simplement par mail ! Je serais ravi de discuter avec [&hellip;]<\/p>\n","protected":false},"author":1,"featured_media":0,"parent":0,"menu_order":0,"comment_status":"closed","ping_status":"closed","template":"","meta":{"_acf_changed":false,"footnotes":""},"class_list":["post-12","page","type-page","status-publish","hentry"],"acf":[],"_links":{"self":[{"href":"https:\/\/eleacalvayrac.com\/index.php\/wp-json\/wp\/v2\/pages\/12","targetHints":{"allow":["GET"]}}],"collection":[{"href":"https:\/\/eleacalvayrac.com\/index.php\/wp-json\/wp\/v2\/pages"}],"about":[{"href":"https:\/\/eleacalvayrac.com\/index.php\/wp-json\/wp\/v2\/types\/page"}],"author":[{"embeddable":true,"href":"https:\/\/eleacalvayrac.com\/index.php\/wp-json\/wp\/v2\/users\/1"}],"replies":[{"embeddable":true,"href":"https:\/\/eleacalvayrac.com\/index.php\/wp-json\/wp\/v2\/comments?post=12"}],"version-history":[{"count":55,"href":"https:\/\/eleacalvayrac.com\/index.php\/wp-json\/wp\/v2\/pages\/12\/revisions"}],"predecessor-version":[{"id":744,"href":"https:\/\/eleacalvayrac.com\/index.php\/wp-json\/wp\/v2\/pages\/12\/revisions\/744"}],"wp:attachment":[{"href":"https:\/\/eleacalvayrac.com\/index.php\/wp-json\/wp\/v2\/media?parent=12"}],"curies":[{"name":"wp","href":"https:\/\/api.w.org\/{rel}","templated":true}]}}