{"id":129,"date":"2025-06-09T15:17:55","date_gmt":"2025-06-09T19:17:55","guid":{"rendered":"https:\/\/eleacalvayrac.com\/?page_id=129"},"modified":"2025-07-16T18:55:11","modified_gmt":"2025-07-16T22:55:11","slug":"qui-suis-je","status":"publish","type":"page","link":"https:\/\/eleacalvayrac.com\/index.php\/qui-suis-je\/","title":{"rendered":"Qui suis-je?"},"content":{"rendered":"\n<div class=\"wp-block-group GrQuisuisje\"><div class=\"wp-block-group__inner-container is-layout-constrained wp-block-group-is-layout-constrained\">\n<div class=\"wp-block-group GrGenMoi\"><div class=\"wp-block-group__inner-container is-layout-constrained wp-block-group-is-layout-constrained\">\n<h1 class=\"wp-block-heading has-text-align-center\">Qui suis-je ?<\/h1>\n\n\n\n<div class=\"wp-block-group grMoi is-nowrap is-layout-flex wp-container-core-group-is-layout-ad2f72ca wp-block-group-is-layout-flex\">\n<figure class=\"wp-block-image size-large\"><img loading=\"lazy\" decoding=\"async\" width=\"683\" height=\"1024\" src=\"https:\/\/eleacalvayrac.com\/wp-content\/uploads\/2025\/07\/compress-683x1024.jpg\" alt=\"\" class=\"wp-image-674\" srcset=\"https:\/\/eleacalvayrac.com\/wp-content\/uploads\/2025\/07\/compress-683x1024.jpg 683w, https:\/\/eleacalvayrac.com\/wp-content\/uploads\/2025\/07\/compress-200x300.jpg 200w, https:\/\/eleacalvayrac.com\/wp-content\/uploads\/2025\/07\/compress-768x1152.jpg 768w, https:\/\/eleacalvayrac.com\/wp-content\/uploads\/2025\/07\/compress.jpg 1000w\" sizes=\"auto, (max-width: 683px) 100vw, 683px\" \/><\/figure>\n\n\n\n<div class=\"wp-block-group\"><div class=\"wp-block-group__inner-container is-layout-constrained wp-block-group-is-layout-constrained\">\n<p><br><strong>Cr\u00e9er du sens, innover et garder l\u2019humain au c\u0153ur de mes actions : voil\u00e0 ce qui m\u2019anime.<\/strong><\/p>\n\n\n\n<p class=\"has-text-align-left\">Je suis convaincue qu\u2019il est aujourd\u2019hui essentiel de repenser notre mani\u00e8re d\u2019utiliser le num\u00e9rique. Le e-commerce, en particulier, doit \u00e9voluer vers un mod\u00e8le plus \u00e9thique, respectueux de l\u2019environnement et des consommateurs. Cet engagement me tient \u00e0 c\u0153ur, car je suis profond\u00e9ment persuad\u00e9e que notre g\u00e9n\u00e9ration a un r\u00f4le \u00e0 jouer pour construire un digital plus durable.<\/p>\n\n\n\n<p>Curieuse et passionn\u00e9e par les \u00e9volutions du marketing et de la communication, j\u2019adore explorer de nouveaux outils, tester des formats innovants et imaginer des approches cr\u00e9atives. J\u2019aime apprendre, me renouveler, et m\u2019adapter rapidement \u00e0 un environnement en constante mutation.<\/p>\n\n\n\n<p>Mes anciens coll\u00e8gues disent de moi que je suis \u00ab fiable, volontaire, et toujours pr\u00eate \u00e0 donner le meilleur de moi-m\u00eame \u00bb, des mots que je m\u2019efforce d\u2019incarner au quotidien, avec enthousiasme et engagement.<\/p>\n<\/div><\/div>\n<\/div>\n<\/div><\/div>\n\n\n\n<div class=\"wp-block-group sectionExperience\"><div class=\"wp-block-group__inner-container is-layout-constrained wp-block-group-is-layout-constrained\">\n<div class=\"wp-block-group grTexteExperience\"><div class=\"wp-block-group__inner-container is-layout-constrained wp-block-group-is-layout-constrained\">\n<h2 class=\"wp-block-heading has-text-align-center\">Exp\u00e9riences \ud83d\udcbc<\/h2>\n\n\n\n<p class=\"has-text-align-center\">Professionnelles<\/p>\n<\/div><\/div>\n\n\n\n<div class=\"wp-block-group grGenExpe is-vertical is-content-justification-stretch is-layout-flex wp-container-core-group-is-layout-b16ad781 wp-block-group-is-layout-flex\">\n<div class=\"wp-block-group ExperienceIndv is-vertical is-layout-flex wp-container-core-group-is-layout-8cf370e7 wp-block-group-is-layout-flex\">\n<div class=\"wp-block-group InfoTopExperience is-content-justification-space-between is-nowrap is-layout-flex wp-container-core-group-is-layout-0dfbf163 wp-block-group-is-layout-flex\">\n<p><strong><strong><strong>Assistante marketing digitale, Greenzeew<\/strong><\/strong><\/strong><\/p>\n\n\n\n<p>Juillet 2023 &#8211; Juillet 2025<\/p>\n<\/div>\n\n\n\n<div class=\"wp-block-group\"><div class=\"wp-block-group__inner-container is-layout-constrained wp-block-group-is-layout-constrained\">\n<p>Ce poste de deux ans \u00e0 temps plein en tant que sp\u00e9cialiste CRM a \u00e9t\u00e9 une exp\u00e9rience particuli\u00e8rement enrichissante. J\u2019ai eu l\u2019opportunit\u00e9 de contribuer \u00e0 la fois \u00e0 la d\u00e9finition de la strat\u00e9gie et \u00e0 la mise en \u0153uvre op\u00e9rationnelle des campagnes de newsletters, SMS et push notifications. J\u2019ai \u00e9galement con\u00e7u plusieurs parcours clients personnalis\u00e9s au sein du CRM, dans une logique de fid\u00e9lisation et d\u2019am\u00e9lioration continue de l\u2019exp\u00e9rience utilisateur. J\u2019ai \u00e9t\u00e9 charg\u00e9 de l\u2019analyse r\u00e9guli\u00e8re des performances (hebdomadaires, mensuelles et annuelles), afin d\u2019ajuster les actions et d\u2019optimiser la strat\u00e9gie en fonction des r\u00e9sultats observ\u00e9s. En plus de \u00e7a, ce poste m\u2019a aussi permis de d\u00e9velopper des comp\u00e9tences compl\u00e9mentaires, notamment en SEO, \u00e0 travers la r\u00e9daction d\u2019articles sur des th\u00e9matiques vari\u00e9es, ainsi qu\u2019en animation de site web.<\/p>\n<\/div><\/div>\n<\/div>\n<\/div>\n\n\n\n<div class=\"wp-block-group grGenExpe is-vertical is-content-justification-stretch is-layout-flex wp-container-core-group-is-layout-b16ad781 wp-block-group-is-layout-flex\">\n<div class=\"wp-block-group ExperienceIndv is-vertical is-layout-flex wp-container-core-group-is-layout-8cf370e7 wp-block-group-is-layout-flex\">\n<div class=\"wp-block-group InfoTopExperience is-content-justification-space-between is-nowrap is-layout-flex wp-container-core-group-is-layout-0dfbf163 wp-block-group-is-layout-flex\">\n<p><strong><strong><strong>Gestionnaire de r\u00e9seaux so<\/strong><\/strong>ciaux, Com&rsquo; With Me<\/strong><\/p>\n\n\n\n<p>Septembre 2024 &#8211; Aujourd&rsquo;hui<\/p>\n<\/div>\n\n\n\n<div class=\"wp-block-group\"><div class=\"wp-block-group__inner-container is-layout-constrained wp-block-group-is-layout-constrained\">\n<p>Anim\u00e9e par l\u2019envie de me lancer dans l\u2019entrepreneuriat en parall\u00e8le de mes \u00e9tudes, j\u2019ai d\u00e9cid\u00e9 de me mettre \u00e0 mon compte. Bien que mes services couvrent diff\u00e9rents volets du marketing digital, je me suis principalement sp\u00e9cialis\u00e9e dans la gestion des r\u00e9seaux sociaux. Cela inclut l\u2019\u00e9laboration de la strat\u00e9gie de contenu, la cr\u00e9ation visuelle et r\u00e9dactionnelle des publications. Ce d\u00e9fi entrepreneurial, men\u00e9 en m\u00eame temps que mes \u00e9tudes et un poste \u00e0 temps plein en tant qu\u2019assistante marketing, m\u2019a appris \u00e0 m\u2019organiser avec rigueur, \u00e0 g\u00e9rer mon temps efficacement et \u00e0 prioriser mes t\u00e2ches pour tenir des d\u00e9lais exigeants. Cette exp\u00e9rience m\u2019a \u00e9galement permis de d\u00e9velopper mon autonomie et mon sens des responsabilit\u00e9s.<\/p>\n<\/div><\/div>\n<\/div>\n<\/div>\n\n\n\n<div class=\"wp-block-group grGenExpe is-vertical is-content-justification-stretch is-layout-flex wp-container-core-group-is-layout-b16ad781 wp-block-group-is-layout-flex\">\n<div class=\"wp-block-group ExperienceIndv is-vertical is-layout-flex wp-container-core-group-is-layout-8cf370e7 wp-block-group-is-layout-flex\">\n<div class=\"wp-block-group InfoTopExperience is-content-justification-space-between is-nowrap is-layout-flex wp-container-core-group-is-layout-0dfbf163 wp-block-group-is-layout-flex\">\n<p><strong><strong>Gestionnaire de r\u00e9seaux sociaux, \u00c9cole pr\u00e9paratoire de musique<\/strong><\/strong><\/p>\n\n\n\n<p>Novembre 2022 &#8211; janvier 2023<\/p>\n<\/div>\n\n\n\n<div class=\"wp-block-group\"><div class=\"wp-block-group__inner-container is-layout-constrained wp-block-group-is-layout-constrained\">\n<p>Ce poste m\u2019a \u00e9t\u00e9 confi\u00e9 suite \u00e0 la recommandation de mon ancien employeur, ce qui t\u00e9moigne de la qualit\u00e9 de notre collaboration pr\u00e9c\u00e9dente. Dans ce cadre, j\u2019ai con\u00e7u une s\u00e9rie de cinq publications destin\u00e9es \u00e0 promouvoir des cours de musique. J\u2019ai pris en charge l\u2019ensemble du processus : cr\u00e9ation des visuels et textes, programmation des contenus, ainsi que la mise en place de campagnes sponsoris\u00e9es via Meta Ads pour maximiser la port\u00e9e et l\u2019engagement.<\/p>\n<\/div><\/div>\n<\/div>\n<\/div>\n\n\n\n<div class=\"wp-block-group grGenExpe is-vertical is-content-justification-stretch is-layout-flex wp-container-core-group-is-layout-b16ad781 wp-block-group-is-layout-flex\">\n<div class=\"wp-block-group ExperienceIndv is-vertical is-layout-flex wp-container-core-group-is-layout-8cf370e7 wp-block-group-is-layout-flex\">\n<div class=\"wp-block-group InfoTopExperience is-content-justification-space-between is-nowrap is-layout-flex wp-container-core-group-is-layout-0dfbf163 wp-block-group-is-layout-flex\">\n<p><strong><strong>Assistante marketing<\/strong>, <strong><strong>D\u00e9partement de musique de l&rsquo;UQ\u00c0M<\/strong><\/strong><\/strong><\/p>\n\n\n\n<p>Septembre 2022 &#8211; Avril 2023<\/p>\n<\/div>\n\n\n\n<div class=\"wp-block-group\"><div class=\"wp-block-group__inner-container is-layout-constrained wp-block-group-is-layout-constrained\">\n<p>Au fil de plusieurs missions, j\u2019ai men\u00e9 des \u00e9tudes de march\u00e9 approfondies pour mieux comprendre les cibles et opportunit\u00e9s. J\u2019ai \u00e9galement construit une base de donn\u00e9es de plus de 600 contacts clients qualifi\u00e9s, que j\u2019ai ensuite utilis\u00e9e pour des actions marketing cibl\u00e9es. En parall\u00e8le, j\u2019ai sponsoris\u00e9 plusieurs publications via Meta Ads, en optimisant les campagnes pour maximiser leur impact. J\u2019ai \u00e9galement jou\u00e9 un r\u00f4le de conseil actif, en recommandant des strat\u00e9gies pertinentes et adapt\u00e9es aux objectifs des clients.<\/p>\n<\/div><\/div>\n<\/div>\n<\/div>\n\n\n\n<div class=\"wp-block-group grGenExpe is-vertical is-content-justification-stretch is-layout-flex wp-container-core-group-is-layout-b16ad781 wp-block-group-is-layout-flex\">\n<div class=\"wp-block-group ExperienceIndv is-vertical is-layout-flex wp-container-core-group-is-layout-8cf370e7 wp-block-group-is-layout-flex\">\n<div class=\"wp-block-group InfoTopExperience is-content-justification-space-between is-nowrap is-layout-flex wp-container-core-group-is-layout-0dfbf163 wp-block-group-is-layout-flex\">\n<p><strong><strong>Charg\u00e9e de communication<\/strong>, Saveurs R\u00f4ties<\/strong><\/p>\n\n\n\n<p>Avril 2022 &#8211; Juin 2023<\/p>\n<\/div>\n\n\n\n<div class=\"wp-block-group\"><div class=\"wp-block-group__inner-container is-layout-constrained wp-block-group-is-layout-constrained\">\n<p>Lors de ce stage, j\u2019ai eu la responsabilit\u00e9 compl\u00e8te de la strat\u00e9gie de communication d\u2019un restaurant-traiteur nouvellement ouvert. J\u2019ai g\u00e9r\u00e9 ses r\u00e9seaux sociaux au quotidien, tout en cr\u00e9ant des comptes sur des plateformes pertinentes pour le secteur, telles que TripAdvisor, afin d\u2019optimiser sa visibilit\u00e9 en ligne. Dans une logique de communication locale et touristique, j\u2019ai \u00e9galement con\u00e7u des flyers promotionnels que j\u2019ai fait imprimer et diffus\u00e9s dans des points strat\u00e9giques. Cette premi\u00e8re exp\u00e9rience a \u00e9t\u00e9 un v\u00e9ritable tournant : elle m\u2019a permis de mettre en pratique mes connaissances, de prendre des initiatives concr\u00e8tes et de me confronter aux r\u00e9alit\u00e9s de la communication terrain pour un commerce en lancement.<\/p>\n<\/div><\/div>\n<\/div>\n<\/div>\n\n\n\n<div class=\"wp-block-group grGenExpe is-vertical is-content-justification-stretch is-layout-flex wp-container-core-group-is-layout-b16ad781 wp-block-group-is-layout-flex\">\n<div class=\"wp-block-group ExperienceIndv is-vertical is-layout-flex wp-container-core-group-is-layout-8cf370e7 wp-block-group-is-layout-flex\">\n<div class=\"wp-block-group InfoTopExperience is-content-justification-space-between is-nowrap is-layout-flex wp-container-core-group-is-layout-0dfbf163 wp-block-group-is-layout-flex\">\n<p><strong><strong><strong>B\u00e9n\u00e9voles<\/strong><\/strong><\/strong>, Les petites Cantines Annecy<\/p>\n\n\n\n<p>Novembre 2023 &#8211; Juin 2025<\/p>\n<\/div>\n\n\n\n<div class=\"wp-block-group\"><div class=\"wp-block-group__inner-container is-layout-constrained wp-block-group-is-layout-constrained\">\n<p>Souhaitant contribuer \u00e0 ma mani\u00e8re \u00e0 des causes qui me tiennent \u00e0 c\u0153ur, je me suis engag\u00e9e pendant deux ans en tant que b\u00e9n\u00e9vole au sein de l\u2019OSBL Les Petites Cantines. Cette association promeut la cr\u00e9ation de lien social autour de repas partag\u00e9s, accessibles \u00e0 tous et pr\u00e9par\u00e9s collectivement \u00e0 prix libre. J\u2019ai principalement apport\u00e9 mon aide au p\u00f4le communication, en participant \u00e0 la gestion des r\u00e9seaux sociaux et \u00e0 la promotion de l\u2019association lors d\u2019\u00e9v\u00e9nements locaux. J\u2019ai \u00e9galement pris part \u00e0 la pr\u00e9paration des repas et \u00e0 l\u2019entretien des lieux, contribuant ainsi concr\u00e8tement au bon fonctionnement des cantines. Cette exp\u00e9rience humaine et collective m\u2019a permis de d\u00e9velopper mon sens de l\u2019engagement, de renforcer mes comp\u00e9tences en communication associative, tout en cultivant des valeurs de solidarit\u00e9 et de collaboration.<\/p>\n<\/div><\/div>\n<\/div>\n<\/div>\n<\/div><\/div>\n\n\n\n<div class=\"wp-block-group GrMesEtudes\"><div class=\"wp-block-group__inner-container is-layout-constrained wp-block-group-is-layout-constrained\">\n<div class=\"wp-block-group TitreEtude\"><div class=\"wp-block-group__inner-container is-layout-constrained wp-block-group-is-layout-constrained\">\n<p class=\"has-text-align-center has-black-color has-text-color has-link-color wp-elements-3b7fb7346e3cf5fe4268dca05d8a405a\">Parcours<\/p>\n\n\n\n<h2 class=\"wp-block-heading has-text-align-center\">Scolaire \ud83e\uddd1\u200d\ud83c\udf93<\/h2>\n<\/div><\/div>\n\n\n\n<div class=\"wp-block-group GrTouteExperience is-vertical is-content-justification-center is-layout-flex wp-container-core-group-is-layout-4b2eccd6 wp-block-group-is-layout-flex\">\n<div class=\"wp-block-group EcoleExperience\"><div class=\"wp-block-group__inner-container is-layout-constrained wp-block-group-is-layout-constrained\">\n<div class=\"wp-block-group is-content-justification-space-between is-nowrap is-layout-flex wp-container-core-group-is-layout-0dfbf163 wp-block-group-is-layout-flex\">\n<p class=\"dateEtudes enCours\">2023 &#8211; 2025<\/p>\n\n\n\n<p class=\"ecole\">Universit\u00e9 Savoie Mont-Blanc <\/p>\n<\/div>\n\n\n\n<h2 class=\"wp-block-heading\"><strong>Ma\u00eetrise en strat\u00e9gie digitale : e-business et communication<\/strong><\/h2>\n\n\n\n<p class=\"descEtude\">Dans une volont\u00e9 constante de progresser, j\u2019ai poursuivi mes \u00e9tudes avec une ma\u00eetrise sp\u00e9cialis\u00e9e en strat\u00e9gie digitale, un domaine cl\u00e9 qui fa\u00e7onne notre avenir. Cette formation m\u2019a permis d\u2019approfondir des th\u00e9matiques essentielles, telles que le SEO, le SEA, l\u2019UX design ou encore l\u2019analyse de donn\u00e9es. J\u2019ai ainsi d\u00e9velopp\u00e9 une vision globale du business et des leviers digitaux, me permettant de concevoir des strat\u00e9gies marketing coh\u00e9rentes, performantes et durables.<\/p>\n<\/div><\/div>\n\n\n\n<div class=\"wp-block-group EcoleExperience\"><div class=\"wp-block-group__inner-container is-layout-constrained wp-block-group-is-layout-constrained\">\n<div class=\"wp-block-group is-content-justification-space-between is-nowrap is-layout-flex wp-container-core-group-is-layout-0dfbf163 wp-block-group-is-layout-flex\">\n<p class=\"dateEtudes\">2020 &#8211; 2023<\/p>\n\n\n\n<p class=\"ecole \">Institut Universitaire Technologique &#8211; ESG UQ\u00c0M<\/p>\n<\/div>\n\n\n\n<h2 class=\"wp-block-heading\"><strong>Baccalaur\u00e9at en marketing et communication<\/strong><\/h2>\n\n\n\n<p class=\"descEtude\">Ce baccalaur\u00e9at a nourri une r\u00e9elle curiosit\u00e9 pour les multiples facettes du commerce. J\u2019ai explor\u00e9 avec int\u00e9r\u00eat des domaines vari\u00e9s tels que le marketing, la communication, la vente, la n\u00e9gociation ou encore les affaires internationales. Je me suis particuli\u00e8rement passionn\u00e9e pour le marketing et la communication, des disciplines qui allient cr\u00e9ativit\u00e9 et strat\u00e9gie.&nbsp;<\/p>\n\n\n\n<p class=\"descEtude\">Mes deux premi\u00e8res ann\u00e9es se sont d\u00e9roul\u00e9es en France, o\u00f9 j\u2019ai acquis de solides bases th\u00e9oriques et pratiques. Pour ma troisi\u00e8me ann\u00e9e, j\u2019ai choisi de partir en \u00e9change international \u00e0 l\u2019universit\u00e9 du Qu\u00e9bec \u00c0 Montr\u00e9al avec l\u2019envie de d\u00e9couvrir une autre culture, une nouvelle approche du travail et de sortir de ma zone de confort. Ce s\u00e9jour a \u00e9t\u00e9 une exp\u00e9rience humaine et acad\u00e9mique extr\u00eamement enrichissante. \u00c7a a renforc\u00e9 mon ouverture d\u2019esprit, ma capacit\u00e9 d\u2019adaptation et ma volont\u00e9 de construire une carri\u00e8re tourn\u00e9e vers l\u2019international, la cr\u00e9ativit\u00e9 et le sens.<\/p>\n<\/div><\/div>\n<\/div>\n<\/div><\/div>\n\n\n\n<div class=\"wp-block-group groupeLoisir\"><div class=\"wp-block-group__inner-container is-layout-constrained wp-block-group-is-layout-constrained\">\n<div class=\"wp-block-group is-vertical is-content-justification-center is-layout-flex wp-container-core-group-is-layout-4b2eccd6 wp-block-group-is-layout-flex\">\n<h2 class=\"wp-block-heading has-text-align-center\">Loisirs et int\u00e9r\u00eats<\/h2>\n\n\n\n<p class=\"has-text-align-center\">Ce qui me passionne dans la vie<\/p>\n<\/div>\n\n\n\n<div class=\"wp-block-group groupeBtLoisir is-nowrap is-layout-flex wp-container-core-group-is-layout-ad2f72ca wp-block-group-is-layout-flex\">\n<p class=\"boutonLoisir\">Course \u00e0 pied\u00a0\ud83c\udfc3\u200d\u2640\ufe0f<\/p>\n\n\n\n<p class=\"boutonLoisir\">Lecture \ud83d\udcd6<\/p>\n\n\n\n<p class=\"boutonLoisir\">B\u00e9n\u00e9volat \ud83d\ude4f\ud83c\udffb<\/p>\n\n\n\n<p class=\"boutonLoisir\">F\u00e9minisme \ud83d\udeba<\/p>\n<\/div>\n<\/div><\/div>\n<\/div><\/div>\n","protected":false},"excerpt":{"rendered":"<p>Qui suis-je ? Cr\u00e9er du sens, innover et garder l\u2019humain au c\u0153ur de mes actions : voil\u00e0 ce qui m\u2019anime. Je suis convaincue qu\u2019il est aujourd\u2019hui essentiel de repenser notre mani\u00e8re d\u2019utiliser le num\u00e9rique. Le e-commerce, en particulier, doit \u00e9voluer vers un mod\u00e8le plus \u00e9thique, respectueux de l\u2019environnement et des consommateurs. Cet engagement me tient [&hellip;]<\/p>\n","protected":false},"author":1,"featured_media":0,"parent":0,"menu_order":0,"comment_status":"closed","ping_status":"closed","template":"","meta":{"_acf_changed":false,"footnotes":""},"class_list":["post-129","page","type-page","status-publish","hentry"],"acf":[],"_links":{"self":[{"href":"https:\/\/eleacalvayrac.com\/index.php\/wp-json\/wp\/v2\/pages\/129","targetHints":{"allow":["GET"]}}],"collection":[{"href":"https:\/\/eleacalvayrac.com\/index.php\/wp-json\/wp\/v2\/pages"}],"about":[{"href":"https:\/\/eleacalvayrac.com\/index.php\/wp-json\/wp\/v2\/types\/page"}],"author":[{"embeddable":true,"href":"https:\/\/eleacalvayrac.com\/index.php\/wp-json\/wp\/v2\/users\/1"}],"replies":[{"embeddable":true,"href":"https:\/\/eleacalvayrac.com\/index.php\/wp-json\/wp\/v2\/comments?post=129"}],"version-history":[{"count":72,"href":"https:\/\/eleacalvayrac.com\/index.php\/wp-json\/wp\/v2\/pages\/129\/revisions"}],"predecessor-version":[{"id":779,"href":"https:\/\/eleacalvayrac.com\/index.php\/wp-json\/wp\/v2\/pages\/129\/revisions\/779"}],"wp:attachment":[{"href":"https:\/\/eleacalvayrac.com\/index.php\/wp-json\/wp\/v2\/media?parent=129"}],"curies":[{"name":"wp","href":"https:\/\/api.w.org\/{rel}","templated":true}]}}